{"id":678,"date":"2024-03-11T08:42:14","date_gmt":"2024-03-11T13:42:14","guid":{"rendered":"https:\/\/www.enviaseo.info\/wordpress\/?page_id=678"},"modified":"2024-03-11T13:15:00","modified_gmt":"2024-03-11T18:15:00","slug":"politica-integral","status":"publish","type":"page","link":"https:\/\/www.enviaseo.info\/wordpress\/politica-integral\/","title":{"rendered":"Pol\u00edtica Integral"},"content":{"rendered":"\t\t<div data-elementor-type=\"wp-page\" data-elementor-id=\"678\" class=\"elementor elementor-678\">\n\t\t\t\t\t\t<section class=\"elementor-section elementor-top-section elementor-element elementor-element-5ed5971 elementor-section-boxed elementor-section-height-default elementor-section-height-default\" data-id=\"5ed5971\" data-element_type=\"section\">\n\t\t\t\t\t\t<div class=\"elementor-container elementor-column-gap-default\">\n\t\t\t\t\t<div class=\"elementor-column elementor-col-100 elementor-top-column elementor-element elementor-element-1b25a83\" data-id=\"1b25a83\" data-element_type=\"column\">\n\t\t\t<div class=\"elementor-widget-wrap elementor-element-populated\">\n\t\t\t\t\t\t<div class=\"elementor-element elementor-element-fadf17b elementor-widget elementor-widget-heading\" data-id=\"fadf17b\" data-element_type=\"widget\" data-widget_type=\"heading.default\">\n\t\t\t\t<div class=\"elementor-widget-container\">\n\t\t\t\t\t<h2 class=\"elementor-heading-title elementor-size-xl\">POL\u00cdTICA INTEGRAL<\/h2>\t\t\t\t<\/div>\n\t\t\t\t<\/div>\n\t\t\t\t\t<\/div>\n\t\t<\/div>\n\t\t\t\t\t<\/div>\n\t\t<\/section>\n\t\t\t\t<section class=\"elementor-section elementor-top-section elementor-element elementor-element-e724b32 elementor-section-boxed elementor-section-height-default elementor-section-height-default\" data-id=\"e724b32\" data-element_type=\"section\">\n\t\t\t\t\t\t<div class=\"elementor-container elementor-column-gap-default\">\n\t\t\t\t\t<div class=\"elementor-column elementor-col-100 elementor-top-column elementor-element elementor-element-1cc84c6\" data-id=\"1cc84c6\" data-element_type=\"column\">\n\t\t\t<div class=\"elementor-widget-wrap elementor-element-populated\">\n\t\t\t\t\t\t<div class=\"elementor-element elementor-element-d9026b8 elementor-widget elementor-widget-shortcode\" data-id=\"d9026b8\" data-element_type=\"widget\" data-settings=\"{&quot;_animation&quot;:&quot;none&quot;}\" data-widget_type=\"shortcode.default\">\n\t\t\t\t<div class=\"elementor-widget-container\">\n\t\t\t\t\t\t\t<div class=\"elementor-shortcode\"><div class=\"_df_thumb \" id=\"df_627\"  _slug=\"brochure\" data-title=\"politica-integral\" wpoptions=\"true\" thumb=\"https:\/\/www.enviaseo.info\/wordpress\/wp-content\/uploads\/2024\/03\/Portada_politica_integral1.png\" thumbtype=\"\" >Pol\u00edtica integral<\/div><script class=\"df-shortcode-script\" nowprocket type=\"application\/javascript\">window.option_df_627 = {\"outline\":[],\"autoEnableOutline\":\"false\",\"autoEnableThumbnail\":\"false\",\"overwritePDFOutline\":\"false\",\"direction\":\"1\",\"pageSize\":\"0\",\"source\":\"https:\\\/\\\/www.enviaseo.info\\\/wordpress\\\/wp-content\\\/uploads\\\/2024\\\/03\\\/POLITICA-INTEGRAL-PUBLICAR.pdf\",\"wpOptions\":\"true\"}; if(window.DFLIP && window.DFLIP.parseBooks){window.DFLIP.parseBooks();}<\/script><\/div>\n\t\t\t\t\t\t<\/div>\n\t\t\t\t<\/div>\n\t\t\t\t\t<\/div>\n\t\t<\/div>\n\t\t\t\t\t<\/div>\n\t\t<\/section>\n\t\t\t\t<section class=\"elementor-section elementor-top-section elementor-element elementor-element-4d703a0 elementor-section-boxed elementor-section-height-default elementor-section-height-default\" data-id=\"4d703a0\" data-element_type=\"section\">\n\t\t\t\t\t\t<div class=\"elementor-container elementor-column-gap-default\">\n\t\t\t\t\t<div class=\"elementor-column elementor-col-100 elementor-top-column elementor-element elementor-element-7429274\" data-id=\"7429274\" data-element_type=\"column\">\n\t\t\t<div class=\"elementor-widget-wrap elementor-element-populated\">\n\t\t\t\t\t\t<div class=\"elementor-element elementor-element-500ddf1 elementor-widget elementor-widget-text-editor\" data-id=\"500ddf1\" data-element_type=\"widget\" data-widget_type=\"text-editor.default\">\n\t\t\t\t<div class=\"elementor-widget-container\">\n\t\t\t\t\t\t\t\t\t<p>Para<strong> Enviaseo E.S.P<\/strong> el conocimiento y la comprensi\u00f3n de la pol\u00edtica integral es un compromiso de todos los colaboradores y es esencial para el funcionamiento efectivo de la empresa, garantizando el cumplimiento, la eficiencia operativa, la seguridad y la coherencia con la cultura organizacional.<\/p>\n<p>A continuaci\u00f3n te invitamos a demostrar tu compromiso con el sistema de gesti\u00f3n integral respondiendo 5 preguntas sobre la pol\u00edtica integral<\/p>\t\t\t\t\t\t\t\t<\/div>\n\t\t\t\t<\/div>\n\t\t\t\t\t<\/div>\n\t\t<\/div>\n\t\t\t\t\t<\/div>\n\t\t<\/section>\n\t\t\t\t<section class=\"elementor-section elementor-top-section elementor-element elementor-element-bd37320 elementor-section-boxed elementor-section-height-default elementor-section-height-default\" data-id=\"bd37320\" data-element_type=\"section\">\n\t\t\t\t\t\t<div class=\"elementor-container elementor-column-gap-default\">\n\t\t\t\t\t<div class=\"elementor-column elementor-col-100 elementor-top-column elementor-element elementor-element-c3cf9b4\" data-id=\"c3cf9b4\" data-element_type=\"column\">\n\t\t\t<div class=\"elementor-widget-wrap elementor-element-populated\">\n\t\t\t\t\t\t<div class=\"elementor-element elementor-element-0ce6461 elementor-widget elementor-widget-heading\" data-id=\"0ce6461\" data-element_type=\"widget\" data-widget_type=\"heading.default\">\n\t\t\t\t<div class=\"elementor-widget-container\">\n\t\t\t\t\t<h2 class=\"elementor-heading-title elementor-size-default\">Que sabemos sobre la Pol\u00edtica integral?<\/h2>\t\t\t\t<\/div>\n\t\t\t\t<\/div>\n\t\t\t\t\t<\/div>\n\t\t<\/div>\n\t\t\t\t\t<\/div>\n\t\t<\/section>\n\t\t\t\t<section class=\"elementor-section elementor-top-section elementor-element elementor-element-1b7b922 elementor-section-boxed elementor-section-height-default elementor-section-height-default\" data-id=\"1b7b922\" data-element_type=\"section\">\n\t\t\t\t\t\t<div class=\"elementor-container elementor-column-gap-default\">\n\t\t\t\t\t<div class=\"elementor-column elementor-col-100 elementor-top-column elementor-element elementor-element-f59f9de\" data-id=\"f59f9de\" data-element_type=\"column\">\n\t\t\t<div class=\"elementor-widget-wrap elementor-element-populated\">\n\t\t\t\t\t\t<div class=\"elementor-element elementor-element-eee2635 elementor-widget elementor-widget-shortcode\" data-id=\"eee2635\" data-element_type=\"widget\" data-widget_type=\"shortcode.default\">\n\t\t\t\t<div class=\"elementor-widget-container\">\n\t\t\t\t\t\t\t<div class=\"elementor-shortcode\"><div class=\"forminator-ui forminator-custom-form forminator-custom-form-686 forminator-design--default  forminator_ajax\" data-forminator-render=\"0\" data-form=\"forminator-module-686\" data-uid=\"69d0dbf4bfc59\"><br\/><\/div><form\n\t\t\t\tid=\"forminator-module-686\"\n\t\t\t\tclass=\"forminator-ui forminator-custom-form forminator-custom-form-686 forminator-design--default  forminator_ajax\"\n\t\t\t\tmethod=\"post\"\n\t\t\t\tdata-forminator-render=\"0\"\n\t\t\t\tdata-form-id=\"686\"\n\t\t\t\t\n\t\t\t\tdata-design=\"default\"\n\t\t\t\t\n\t\t\t\t\n\t\t\t\t\n\t\t\t\tdata-grid=\"open\"\n\t\t\t\t\n\t\t\t\t\n\t\t\t\tstyle=\"display: none;\"\n\t\t\t\t\n\t\t\t\tdata-uid=\"69d0dbf4bfc59\"\n\t\t\t><div role=\"alert\" aria-live=\"polite\" class=\"forminator-response-message forminator-error\" aria-hidden=\"true\"><\/div><div class=\"forminator-row\"><div id=\"name-1\" class=\"forminator-field-name forminator-col forminator-col-12 \"><div class=\"forminator-field\"><label for=\"forminator-field-name-1_69d0dbf4bfc59\" id=\"forminator-field-name-1_69d0dbf4bfc59-label\" class=\"forminator-label\">Cu\u00e1l es tu Nombre? <span class=\"forminator-required\">*<\/span><\/label><input type=\"text\" name=\"name-1\" value=\"\" placeholder=\"Ejemplo: Juan P\u00e9rez\" id=\"forminator-field-name-1_69d0dbf4bfc59\" class=\"forminator-input forminator-name--field\" aria-required=\"true\" \/><\/div><\/div><\/div><div class=\"forminator-row\"><div id=\"select-1\" class=\"forminator-field-select forminator-col forminator-col-12 \"><div class=\"forminator-field\"><label for=\"forminator-form-686__field--select-1_69d0dbf4bfc59\" id=\"forminator-form-686__field--select-1_69d0dbf4bfc59-label\" class=\"forminator-label\">Seleccione el \u00e1rea a la que perteneces<\/label><select  id=\"forminator-form-686__field--select-1_69d0dbf4bfc59\" class=\"forminator-select--field forminator-select2 forminator-select2-multiple\" data-required=\"\" name=\"select-1\" data-default-value=\"\" data-placeholder=\"\" data-search=\"false\" data-search-placeholder=\"\" data-checkbox=\"false\" data-allow-clear=\"false\" aria-labelledby=\"forminator-form-686__field--select-1_69d0dbf4bfc59-label\"><option value=\"Gerencia\"  data-calculation=\"0\">Gerencia<\/option><option value=\"Direcci\u00f3n-Adminy-financiera\"  data-calculation=\"0\">Direcci\u00f3n Adminy financiera<\/option><option value=\"Direcci\u00f3n-operativa\"  data-calculation=\"0\">Direcci\u00f3n operativa<\/option><option value=\"Direcci\u00f3n-de-alumbrado-p\u00fablico\"  data-calculation=\"0\">Direcci\u00f3n de alumbrado p\u00fablico<\/option><option value=\"Direcci\u00f3n-comercial\"  data-calculation=\"0\">Direcci\u00f3n comercial<\/option><option value=\"Direcci\u00f3n-de-planeaci\u00f3n\"  data-calculation=\"0\">Direcci\u00f3n de planeaci\u00f3n<\/option><option value=\"Direcci\u00f3n-de-proyectos\"  data-calculation=\"0\">Direcci\u00f3n de proyectos<\/option><\/select><\/div><\/div><\/div><div class=\"forminator-row\"><div id=\"select-2\" class=\"forminator-field-select forminator-col forminator-col-12 \"><div class=\"forminator-field\"><label for=\"forminator-form-686__field--select-2_69d0dbf4bfc59\" id=\"forminator-form-686__field--select-2_69d0dbf4bfc59-label\" class=\"forminator-label\">1. La Pol\u00edtica Integral de ENVIASEO se basa en:<\/label><div class=\"forminator-multiselect\" aria-labelledby=\"forminator-form-686__field--select-2_69d0dbf4bfc59-label\"><label id=\"forminator-form-686__field--select-2_69d0dbf4bfc59-1-label\" for=\"forminator-form-686__field--select-2_69d0dbf4bfc59-1\" class=\"forminator-option\"><input type=\"checkbox\" name=\"select-2[]\" value=\"a.-La-calidad-de-nuestros-servicios-y-la-protecci\u00f3n-del-medio-ambiente\" id=\"forminator-form-686__field--select-2_69d0dbf4bfc59-1\" aria-labelledby=\"forminator-form-686__field--select-2_69d0dbf4bfc59-1-label\" data-calculation=\"0\"   \/>a. La calidad de nuestros servicios y la protecci\u00f3n del medio ambiente<\/label><label id=\"forminator-form-686__field--select-2_69d0dbf4bfc59-2-label\" for=\"forminator-form-686__field--select-2_69d0dbf4bfc59-2\" class=\"forminator-option\"><input type=\"checkbox\" name=\"select-2[]\" value=\"b.-La-promoci\u00f3n-de-la-seguridad-y-la-salud-en-el-trabajo\" id=\"forminator-form-686__field--select-2_69d0dbf4bfc59-2\" aria-labelledby=\"forminator-form-686__field--select-2_69d0dbf4bfc59-2-label\" data-calculation=\"0\"   \/>b. La promoci\u00f3n de la seguridad y la salud en el trabajo<\/label><label id=\"forminator-form-686__field--select-2_69d0dbf4bfc59-3-label\" for=\"forminator-form-686__field--select-2_69d0dbf4bfc59-3\" class=\"forminator-option\"><input type=\"checkbox\" name=\"select-2[]\" value=\"c.-La-promoci\u00f3n-de-una-cultura-de-movilidad-segura-y-sostenible\" id=\"forminator-form-686__field--select-2_69d0dbf4bfc59-3\" aria-labelledby=\"forminator-form-686__field--select-2_69d0dbf4bfc59-3-label\" data-calculation=\"0\"   \/>c. La promoci\u00f3n de una cultura de movilidad segura y sostenible<\/label><label id=\"forminator-form-686__field--select-2_69d0dbf4bfc59-4-label\" for=\"forminator-form-686__field--select-2_69d0dbf4bfc59-4\" class=\"forminator-option\"><input type=\"checkbox\" name=\"select-2[]\" value=\"d.-La-gesti\u00f3n-del-riesgo\" id=\"forminator-form-686__field--select-2_69d0dbf4bfc59-4\" aria-labelledby=\"forminator-form-686__field--select-2_69d0dbf4bfc59-4-label\" data-calculation=\"0\"   \/>d. La gesti\u00f3n del riesgo<\/label><label id=\"forminator-form-686__field--select-2_69d0dbf4bfc59-5-label\" for=\"forminator-form-686__field--select-2_69d0dbf4bfc59-5\" class=\"forminator-option\"><input type=\"checkbox\" name=\"select-2[]\" value=\"e.-Todas-las-anteriores\" id=\"forminator-form-686__field--select-2_69d0dbf4bfc59-5\" aria-labelledby=\"forminator-form-686__field--select-2_69d0dbf4bfc59-5-label\" data-calculation=\"0\"   \/>e. Todas las anteriores<\/label><input type='hidden' name='select-2-multiselect-default-values' class='multiselect-default-values' value='' \/><\/div><\/div><\/div><\/div><div class=\"forminator-row\"><div id=\"select-3\" class=\"forminator-field-select forminator-col forminator-col-12 \"><div class=\"forminator-field\"><label for=\"forminator-form-686__field--select-3_69d0dbf4bfc59\" id=\"forminator-form-686__field--select-3_69d0dbf4bfc59-label\" class=\"forminator-label\">2. La Misi\u00f3n de ENVIASEO es<\/label><select  id=\"forminator-form-686__field--select-3_69d0dbf4bfc59\" class=\"forminator-select--field forminator-select2 forminator-select2-multiple\" data-required=\"\" name=\"select-3\" data-default-value=\"\" data-placeholder=\"\" data-search=\"false\" data-search-placeholder=\"\" data-checkbox=\"false\" data-allow-clear=\"false\" aria-labelledby=\"forminator-form-686__field--select-3_69d0dbf4bfc59-label\"><option value=\"a.-Contribuir-con-territorios-m\u00e1s-limpios-e-iluminados,-implementando-tecnolog\u00edas-amigables-con-el-ambiente\"  data-calculation=\"0\">a. Contribuir con territorios m\u00e1s limpios e iluminados, implementando tecnolog\u00edas amigables con el ambiente<\/option><option value=\"b.-Contribuir-con-el-desarrollo-social-y-ambiental-del-municipio,-mediante-la-prestaci\u00f3n-de-servicio-p\u00fablico-de-aseo\"  data-calculation=\"0\">b. Contribuir con el desarrollo social y ambiental del municipio, mediante la prestaci\u00f3n de servicio p\u00fablico de aseo<\/option><\/select><\/div><\/div><\/div><div class=\"forminator-row\"><div id=\"select-4\" class=\"forminator-field-select forminator-col forminator-col-12 \"><div class=\"forminator-field\"><label for=\"forminator-form-686__field--select-4_69d0dbf4bfc59\" id=\"forminator-form-686__field--select-4_69d0dbf4bfc59-label\" class=\"forminator-label\">3. La Visi\u00f3n de ENVIASEO es<\/label><select  id=\"forminator-form-686__field--select-4_69d0dbf4bfc59\" class=\"forminator-select--field forminator-select2 forminator-select2-multiple\" data-required=\"\" name=\"select-4\" data-default-value=\"\" data-placeholder=\"\" data-search=\"false\" data-search-placeholder=\"\" data-checkbox=\"false\" data-allow-clear=\"false\" aria-labelledby=\"forminator-form-686__field--select-4_69d0dbf4bfc59-label\"><option value=\"a.-Ser-un-modelo-de-sustentabilidad-en-la-prestaci\u00f3n-de-servicios-p\u00fablicos\"  data-calculation=\"0\">a. Ser un modelo de sustentabilidad en la prestaci\u00f3n de servicios p\u00fablicos<\/option><option value=\"b.-Ser-un-modelo-con-el-m\u00e1s-alto-reconocimiento-en-la-prestaci\u00f3n-del-servicio-p\u00fablico-de-aseo\"  data-calculation=\"0\">b. Ser un modelo con el m\u00e1s alto reconocimiento en la prestaci\u00f3n del servicio p\u00fablico de aseo<\/option><\/select><\/div><\/div><\/div><div class=\"forminator-row\"><div id=\"select-5\" class=\"forminator-field-select forminator-col forminator-col-12 \"><div class=\"forminator-field\"><label for=\"forminator-form-686__field--select-5_69d0dbf4bfc59\" id=\"forminator-form-686__field--select-5_69d0dbf4bfc59-label\" class=\"forminator-label\">4. Algunos de los Principios Corporativos de ENVIASEO son<\/label><div class=\"forminator-multiselect\" aria-labelledby=\"forminator-form-686__field--select-5_69d0dbf4bfc59-label\"><label id=\"forminator-form-686__field--select-5_69d0dbf4bfc59-1-label\" for=\"forminator-form-686__field--select-5_69d0dbf4bfc59-1\" class=\"forminator-option\"><input type=\"checkbox\" name=\"select-5[]\" value=\"a.-Inspirar-pr\u00e1cticas-ambientales-responsables\" id=\"forminator-form-686__field--select-5_69d0dbf4bfc59-1\" aria-labelledby=\"forminator-form-686__field--select-5_69d0dbf4bfc59-1-label\" data-calculation=\"0\"   \/>a. Inspirar pr\u00e1cticas ambientales responsables<\/label><label id=\"forminator-form-686__field--select-5_69d0dbf4bfc59-2-label\" for=\"forminator-form-686__field--select-5_69d0dbf4bfc59-2\" class=\"forminator-option\"><input type=\"checkbox\" name=\"select-5[]\" value=\"b.-Aplicar-pol\u00edticas-de-planificaci\u00f3n-financiera\" id=\"forminator-form-686__field--select-5_69d0dbf4bfc59-2\" aria-labelledby=\"forminator-form-686__field--select-5_69d0dbf4bfc59-2-label\" data-calculation=\"0\"   \/>b. Aplicar pol\u00edticas de planificaci\u00f3n financiera<\/label><label id=\"forminator-form-686__field--select-5_69d0dbf4bfc59-3-label\" for=\"forminator-form-686__field--select-5_69d0dbf4bfc59-3\" class=\"forminator-option\"><input type=\"checkbox\" name=\"select-5[]\" value=\"c.-Cumplir-con-la-Misi\u00f3n--Visi\u00f3n-bajo-el-enfoque-del-ciclo-PHVA\" id=\"forminator-form-686__field--select-5_69d0dbf4bfc59-3\" aria-labelledby=\"forminator-form-686__field--select-5_69d0dbf4bfc59-3-label\" data-calculation=\"0\"   \/>c. Cumplir con la Misi\u00f3n- Visi\u00f3n bajo el enfoque del ciclo PHVA<\/label><label id=\"forminator-form-686__field--select-5_69d0dbf4bfc59-4-label\" for=\"forminator-form-686__field--select-5_69d0dbf4bfc59-4\" class=\"forminator-option\"><input type=\"checkbox\" name=\"select-5[]\" value=\"d.-Crear-soluciones-estrat\u00e9gicas-para-los-servicios-p\u00fablicos-que-prestamos\" id=\"forminator-form-686__field--select-5_69d0dbf4bfc59-4\" aria-labelledby=\"forminator-form-686__field--select-5_69d0dbf4bfc59-4-label\" data-calculation=\"0\"   \/>d. Crear soluciones estrat\u00e9gicas para los servicios p\u00fablicos que prestamos<\/label><label id=\"forminator-form-686__field--select-5_69d0dbf4bfc59-5-label\" for=\"forminator-form-686__field--select-5_69d0dbf4bfc59-5\" class=\"forminator-option\"><input type=\"checkbox\" name=\"select-5[]\" value=\"e.-Todas-las-anteriores\" id=\"forminator-form-686__field--select-5_69d0dbf4bfc59-5\" aria-labelledby=\"forminator-form-686__field--select-5_69d0dbf4bfc59-5-label\" data-calculation=\"0\"   \/>e. Todas las anteriores<\/label><input type='hidden' name='select-5-multiselect-default-values' class='multiselect-default-values' value='' \/><\/div><\/div><\/div><\/div><div class=\"forminator-row\"><div id=\"select-6\" class=\"forminator-field-select forminator-col forminator-col-12 \"><div class=\"forminator-field\"><label for=\"forminator-form-686__field--select-6_69d0dbf4bfc59\" id=\"forminator-form-686__field--select-6_69d0dbf4bfc59-label\" class=\"forminator-label\">5. Cu\u00e1l de los siguientes NO es un Valor Corporativo de ENVIASEO<\/label><select  id=\"forminator-form-686__field--select-6_69d0dbf4bfc59\" class=\"forminator-select--field forminator-select2 forminator-select2-multiple\" data-required=\"\" name=\"select-6\" data-default-value=\"\" data-placeholder=\"\" data-search=\"false\" data-search-placeholder=\"\" data-checkbox=\"false\" data-allow-clear=\"false\" aria-labelledby=\"forminator-form-686__field--select-6_69d0dbf4bfc59-label\"><option value=\"a.-Compromiso\"  data-calculation=\"0\">a. Compromiso<\/option><option value=\"b.-Coherencia\"  data-calculation=\"0\">b. Coherencia<\/option><option value=\"c.-Colaboraci\u00f3n\"  data-calculation=\"0\">c. Colaboraci\u00f3n<\/option><option value=\"d.-Responsabilidad-social\"  data-calculation=\"0\">d. Responsabilidad social<\/option><option value=\"e.-Respeto\"  data-calculation=\"0\">e. Respeto<\/option><\/select><\/div><\/div><\/div><input type=\"hidden\" name=\"referer_url\" value=\"\" \/><div class=\"forminator-row forminator-row-last\"><div class=\"forminator-col\"><div class=\"forminator-field\"><button class=\"forminator-button forminator-button-submit\">Enviar respuestas<\/button><\/div><\/div><\/div><input type=\"hidden\" id=\"forminator_nonce\" name=\"forminator_nonce\" value=\"9b0cb9fea1\" \/><input type=\"hidden\" name=\"_wp_http_referer\" value=\"\/wordpress\/wp-json\/wp\/v2\/pages\/678\" \/><input type=\"hidden\" name=\"form_id\" value=\"686\"><input type=\"hidden\" name=\"page_id\" value=\"678\"><input type=\"hidden\" name=\"form_type\" value=\"default\"><input type=\"hidden\" name=\"current_url\" value=\"https:\/\/www.enviaseo.info\/wordpress\/politica-integral\/\"><input type=\"hidden\" name=\"render_id\" value=\"0\"><input type=\"hidden\" name=\"action\" value=\"forminator_submit_form_custom-forms\"><\/form><\/div>\n\t\t\t\t\t\t<\/div>\n\t\t\t\t<\/div>\n\t\t\t\t\t<\/div>\n\t\t<\/div>\n\t\t\t\t\t<\/div>\n\t\t<\/section>\n\t\t\t\t<\/div>\n\t\t","protected":false},"excerpt":{"rendered":"<p>POL\u00cdTICA INTEGRAL Para Enviaseo E.S.P el conocimiento y la comprensi\u00f3n de la pol\u00edtica integral es un compromiso de todos los colaboradores y es esencial para el funcionamiento efectivo de la empresa, garantizando el cumplimiento, la eficiencia operativa, la seguridad y la coherencia con la cultura organizacional. A continuaci\u00f3n te invitamos a demostrar tu compromiso con [&hellip;]<\/p>\n","protected":false},"author":1,"featured_media":0,"parent":0,"menu_order":0,"comment_status":"closed","ping_status":"closed","template":"","meta":{"site-sidebar-layout":"no-sidebar","site-content-layout":"page-builder","ast-site-content-layout":"","site-content-style":"default","site-sidebar-style":"default","ast-global-header-display":"","ast-banner-title-visibility":"","ast-main-header-display":"","ast-hfb-above-header-display":"","ast-hfb-below-header-display":"","ast-hfb-mobile-header-display":"","site-post-title":"disabled","ast-breadcrumbs-content":"","ast-featured-img":"disabled","footer-sml-layout":"","theme-transparent-header-meta":"","adv-header-id-meta":"","stick-header-meta":"","header-above-stick-meta":"","header-main-stick-meta":"","header-below-stick-meta":"","astra-migrate-meta-layouts":"default","ast-page-background-enabled":"default","ast-page-background-meta":{"desktop":{"background-color":"var(--ast-global-color-4)","background-image":"","background-repeat":"repeat","background-position":"center center","background-size":"auto","background-attachment":"scroll","background-type":"","background-media":"","overlay-type":"","overlay-color":"","overlay-opacity":"","overlay-gradient":""},"tablet":{"background-color":"","background-image":"","background-repeat":"repeat","background-position":"center center","background-size":"auto","background-attachment":"scroll","background-type":"","background-media":"","overlay-type":"","overlay-color":"","overlay-opacity":"","overlay-gradient":""},"mobile":{"background-color":"","background-image":"","background-repeat":"repeat","background-position":"center center","background-size":"auto","background-attachment":"scroll","background-type":"","background-media":"","overlay-type":"","overlay-color":"","overlay-opacity":"","overlay-gradient":""}},"ast-content-background-meta":{"desktop":{"background-color":"var(--ast-global-color-5)","background-image":"","background-repeat":"repeat","background-position":"center center","background-size":"auto","background-attachment":"scroll","background-type":"","background-media":"","overlay-type":"","overlay-color":"","overlay-opacity":"","overlay-gradient":""},"tablet":{"background-color":"var(--ast-global-color-5)","background-image":"","background-repeat":"repeat","background-position":"center center","background-size":"auto","background-attachment":"scroll","background-type":"","background-media":"","overlay-type":"","overlay-color":"","overlay-opacity":"","overlay-gradient":""},"mobile":{"background-color":"var(--ast-global-color-5)","background-image":"","background-repeat":"repeat","background-position":"center center","background-size":"auto","background-attachment":"scroll","background-type":"","background-media":"","overlay-type":"","overlay-color":"","overlay-opacity":"","overlay-gradient":""}},"footnotes":""},"class_list":["post-678","page","type-page","status-publish","hentry"],"_links":{"self":[{"href":"https:\/\/www.enviaseo.info\/wordpress\/wp-json\/wp\/v2\/pages\/678","targetHints":{"allow":["GET"]}}],"collection":[{"href":"https:\/\/www.enviaseo.info\/wordpress\/wp-json\/wp\/v2\/pages"}],"about":[{"href":"https:\/\/www.enviaseo.info\/wordpress\/wp-json\/wp\/v2\/types\/page"}],"author":[{"embeddable":true,"href":"https:\/\/www.enviaseo.info\/wordpress\/wp-json\/wp\/v2\/users\/1"}],"replies":[{"embeddable":true,"href":"https:\/\/www.enviaseo.info\/wordpress\/wp-json\/wp\/v2\/comments?post=678"}],"version-history":[{"count":40,"href":"https:\/\/www.enviaseo.info\/wordpress\/wp-json\/wp\/v2\/pages\/678\/revisions"}],"predecessor-version":[{"id":730,"href":"https:\/\/www.enviaseo.info\/wordpress\/wp-json\/wp\/v2\/pages\/678\/revisions\/730"}],"wp:attachment":[{"href":"https:\/\/www.enviaseo.info\/wordpress\/wp-json\/wp\/v2\/media?parent=678"}],"curies":[{"name":"wp","href":"https:\/\/api.w.org\/{rel}","templated":true}]}}